{"id":8594,"date":"2022-03-25T18:18:53","date_gmt":"2022-03-25T17:18:53","guid":{"rendered":"https:\/\/www.xinxirineu.com\/principal-2\/"},"modified":"2025-05-13T12:01:13","modified_gmt":"2025-05-13T10:01:13","slug":"principal","status":"publish","type":"page","link":"https:\/\/www.xinxirineu.com\/es\/","title":{"rendered":"Principal"},"content":{"rendered":"<section class=\"l-section wpb_row height_medium full_height valign_center color_primary with_slider\"><div class=\"l-section-slider\"><div class=\"w-slider style_none fit_cover nav_none count_3\"><div class=\"w-slider-h\" aria-hidden=\"true\"><div class=\"royalSlider\"><div class=\"rsContent\"><a class=\"rsImg\" data-rsw=\"1800\" data-rsh=\"1350\" href=\"https:\/\/www.xinxirineu.com\/wp-content\/uploads\/2022\/03\/fotos-carrusel_0011_Layer-20.jpg\"><span data-alt=\"\"><\/span><\/a><\/div><div class=\"rsContent\"><a class=\"rsImg\" data-rsw=\"1800\" data-rsh=\"1350\" href=\"https:\/\/www.xinxirineu.com\/wp-content\/uploads\/2022\/03\/fotos-carrusel_0009_Layer-22.jpg\"><span data-alt=\"\"><\/span><\/a><\/div><div class=\"rsContent\"><a class=\"rsImg\" data-rsw=\"1800\" data-rsh=\"1350\" href=\"https:\/\/www.xinxirineu.com\/wp-content\/uploads\/2022\/03\/fotos-carrusel_0010_Layer-21.jpg\"><span data-alt=\"\"><\/span><\/a><\/div><\/div><img decoding=\"async\" src=\"https:\/\/www.xinxirineu.com\/wp-content\/uploads\/2022\/03\/fotos-carrusel_0011_Layer-20.jpg\" width=\"1800\" height=\"1350\" alt loading=\"lazy\"><\/div><div class=\"w-slider-json\" onclick='return {&quot;autoScaleSlider&quot;:true,&quot;addActiveClass&quot;:true,&quot;loop&quot;:true,&quot;fadeInLoadedSlide&quot;:false,&quot;slidesSpacing&quot;:0,&quot;imageScalePadding&quot;:0,&quot;numImagesToPreload&quot;:2,&quot;arrowsNav&quot;:false,&quot;arrowsNavAutoHide&quot;:false,&quot;transitionType&quot;:&quot;fade&quot;,&quot;transitionSpeed&quot;:1000,&quot;block&quot;:{&quot;moveEffect&quot;:&quot;none&quot;,&quot;speed&quot;:300},&quot;thumbs&quot;:{&quot;fitInViewport&quot;:false,&quot;firstMargin&quot;:false,&quot;spacing&quot;:4},&quot;controlNavigation&quot;:&quot;none&quot;,&quot;autoplay&quot;:{&quot;enabled&quot;:true,&quot;pauseOnHover&quot;:false,&quot;delay&quot;:3000},&quot;autoScaleSliderWidth&quot;:1800,&quot;autoScaleSliderHeight&quot;:1350}'><\/div><\/div><\/div><div class=\"l-section-overlay\" style=\"background:rgba(26,26,26,0.00)\"><\/div><div class=\"l-section-h i-cf\"><div class=\"g-cols vc_row via_grid cols_1 laptops-cols_inherit tablets-cols_inherit mobiles-cols_1 valign_top type_default stacking_default\"><div class=\"wpb_column vc_column_container\"><div class=\"vc_column-inner\"><h1 class=\"w-text us_custom_24baa418\"><span class=\"w-text-h\"><span class=\"w-text-value\">Xin-Xirineu. Centre educatiu 0-3<\/span><\/span><\/h1><div class=\"w-iconbox iconpos_top style_circle color_custom align_center no_text no_title\"><a href=\"#second\" class=\"w-iconbox-link\" aria-label=\"far|chevron-down\"><div class=\"w-iconbox-icon\" style=\"font-size:1.4rem;--icon-color:#1a1a1a;--icon-bg-color:#ffffff;\"><i class=\"far fa-chevron-down\"><\/i><\/div><\/a><div class=\"w-iconbox-meta\"><\/div><\/div><\/div><\/div><\/div><\/div><\/section><section class=\"l-section wpb_row height_medium full_height valign_center color_alternate\" id=\"second\"><div class=\"l-section-overlay\" style=\"background:rgba(173,192,70,0.10)\"><\/div><div class=\"l-section-h i-cf\"><div class=\"g-cols vc_row via_grid cols_1 laptops-cols_inherit tablets-cols_inherit mobiles-cols_1 valign_top type_default stacking_default\"><div class=\"wpb_column vc_column_container\"><div class=\"vc_column-inner\"><div class=\"wpb_text_column us_custom_8f2ba1f4 us_animate_this\"><div class=\"wpb_wrapper\"><h2 style=\"text-align: center;\">\u00abLa primera tasca de l&#8217;educaci\u00f3 \u00e9s agitar la vida, per\u00f2 deixar-la lliure per a que es desenvolupi\u00bb.<\/h2>\n<p style=\"text-align: center;\"><strong><em>Maria Montessori<\/em><\/strong><\/p>\n<\/div><\/div><div class=\"w-separator size_large with_line width_30 thick_1 style_solid color_border align_center with_content\"><div class=\"w-separator-h\"><i class=\"far fa-heart\"><\/i><\/div><\/div><div class=\"g-cols wpb_row via_grid cols_2 laptops-cols_inherit tablets-cols_inherit mobiles-cols_1 valign_top type_default stacking_default\" style=\"--columns-gap:3rem;\"><div class=\"wpb_column vc_column_container\"><div class=\"vc_column-inner\"><div class=\"wpb_text_column\"><div class=\"wpb_wrapper\"><p>Xin-Xirineu va n\u00e9ixer al 2014 amb nom de can\u00e7\u00f3 de falda com a centre educatiu ubicat a Santa Margalida. Des del seu naixement ha anat creixent i evolucionant, el que ha dut a passar per diferents etapes.<\/p>\n<\/div><\/div><\/div><\/div><div class=\"wpb_column vc_column_container\"><div class=\"vc_column-inner\"><div class=\"wpb_text_column\"><div class=\"wpb_wrapper\"><p>Al llarg d\u2019aquesta evoluci\u00f3 diferents professionals han conegut i format part de la fam\u00edlia Xin-Xirineu i ens adon\u00e0vem que la forma de funcionar era la d\u2019un equip en el que totes particip\u00e0vem en la presa de decisions&#8230;<\/p>\n<\/div><\/div><\/div><\/div><\/div><div class=\"w-separator size_large\"><\/div><div class=\"w-btn-wrapper align_center\"><a class=\"w-btn us-btn-style_1\" title=\"Xin-Xirineu\" href=\"https:\/\/www.xinxirineu.com\/xinxirineu\/\"><span class=\"w-btn-label\">Llegir m\u00e9s<\/span><\/a><\/div><\/div><\/div><\/div><\/div><\/section><section class=\"l-section wpb_row height_medium full_height valign_center color_primary with_img parallax_ver parallaxdir_reversed\" id=\"fourth\"><div class=\"l-section-img\" role=\"img\" aria-label=\"Imagen\" data-img-width=\"1800\" data-img-height=\"1350\" style=\"background-image: url(https:\/\/www.xinxirineu.com\/wp-content\/uploads\/2022\/03\/fotos-carrusel_0029_Layer-2.jpg);\"><\/div><div class=\"l-section-overlay\" style=\"background:rgba(30,30,30,0.75)\"><\/div><div class=\"l-section-h i-cf\"><div class=\"g-cols vc_row via_grid cols_1 laptops-cols_inherit tablets-cols_inherit mobiles-cols_1 valign_top type_default stacking_default\"><div class=\"wpb_column vc_column_container align_center\"><div class=\"vc_column-inner\"><div class=\"wpb_text_column\"><div class=\"wpb_wrapper\"><h2 style=\"text-align: center;\">Qu\u00e8 oferim?<\/h2>\n<\/div><\/div><div class=\"w-separator size_medium\"><\/div><div class=\"g-cols wpb_row via_grid cols_6 laptops-cols_inherit tablets-cols_inherit mobiles-cols_1 valign_top type_default stacking_default\" style=\"--columns-gap:3rem;\"><div class=\"wpb_column vc_column_container\"><div class=\"vc_column-inner\"><div class=\"w-iconbox iconpos_top style_default color_primary align_center no_text no_title\"><div class=\"w-iconbox-icon\" style=\"font-size:2rem;\"><i class=\"fas fa-star\"><\/i><\/div><div class=\"w-iconbox-meta\"><\/div><\/div><div class=\"w-separator size_small\"><\/div><div class=\"wpb_text_column\"><div class=\"wpb_wrapper\"><h5>Servei educatiu 0-3 anys<\/h5>\n<\/div><\/div><\/div><\/div><div class=\"wpb_column vc_column_container\"><div class=\"vc_column-inner\"><div class=\"w-iconbox iconpos_top style_default color_primary align_center no_text no_title\"><div class=\"w-iconbox-icon\" style=\"font-size:2rem;\"><i class=\"fas fa-star\"><\/i><\/div><div class=\"w-iconbox-meta\"><\/div><\/div><div class=\"w-separator size_small\"><\/div><div class=\"wpb_text_column\"><div class=\"wpb_wrapper\"><h5>Extraescolars<\/h5>\n<\/div><\/div><div class=\"wpb_text_column\"><div class=\"wpb_wrapper\"><\/div><\/div><\/div><\/div><div class=\"wpb_column vc_column_container\"><div class=\"vc_column-inner\"><div class=\"w-iconbox iconpos_top style_default color_primary align_center no_text no_title\"><div class=\"w-iconbox-icon\" style=\"font-size:2rem;\"><i class=\"fas fa-star\"><\/i><\/div><div class=\"w-iconbox-meta\"><\/div><\/div><div class=\"w-separator size_small\"><\/div><div class=\"wpb_text_column\"><div class=\"wpb_wrapper\"><h5>Tallers infantils i familiars<\/h5>\n<\/div><\/div><\/div><\/div><div class=\"wpb_column vc_column_container\"><div class=\"vc_column-inner\"><div class=\"w-iconbox iconpos_top style_default color_primary align_center no_text no_title\"><div class=\"w-iconbox-icon\" style=\"font-size:2rem;\"><i class=\"fas fa-star\"><\/i><\/div><div class=\"w-iconbox-meta\"><\/div><\/div><div class=\"w-separator size_small\"><\/div><div class=\"wpb_text_column\"><div class=\"wpb_wrapper\"><h5>Xerrades<\/h5>\n<\/div><\/div><\/div><\/div><div class=\"wpb_column vc_column_container\"><div class=\"vc_column-inner\"><div class=\"w-iconbox iconpos_top style_default color_primary align_center no_text no_title\"><div class=\"w-iconbox-icon\" style=\"font-size:2rem;\"><i class=\"fas fa-star\"><\/i><\/div><div class=\"w-iconbox-meta\"><\/div><\/div><div class=\"w-separator size_small\"><\/div><div class=\"wpb_text_column\"><div class=\"wpb_wrapper\"><h5>Psicologia i logop\u00e8dia<\/h5>\n<\/div><\/div><\/div><\/div><div class=\"wpb_column vc_column_container\"><div class=\"vc_column-inner\"><div class=\"w-iconbox iconpos_top style_default color_primary align_center no_text no_title\"><div class=\"w-iconbox-icon\" style=\"font-size:2rem;\"><i class=\"fas fa-star\"><\/i><\/div><div class=\"w-iconbox-meta\"><\/div><\/div><div class=\"w-separator size_small\"><\/div><div class=\"wpb_text_column\"><div class=\"wpb_wrapper\"><h5>Bibliopetits<\/h5>\n<\/div><\/div><\/div><\/div><\/div><div class=\"w-separator size_medium\"><\/div><div class=\"w-btn-wrapper align_center\"><a class=\"w-btn us-btn-style_1\" title=\"Xin-Xirineu\" href=\"https:\/\/www.xinxirineu.com\/serveis\/\"><span class=\"w-btn-label\">M\u00e9s informaci\u00f3<\/span><\/a><\/div><\/div><\/div><\/div><\/div><\/section><section class=\"l-section wpb_row height_medium full_height valign_center color_primary\" id=\"fifth\"><div class=\"l-section-h i-cf\"><div class=\"g-cols vc_row via_grid cols_1 laptops-cols_inherit tablets-cols_inherit mobiles-cols_1 valign_top type_default stacking_default\"><div class=\"wpb_column vc_column_container align_center\"><div class=\"vc_column-inner\"><div class=\"w-iconbox iconpos_top style_default color_custom align_center no_text no_title\"><div class=\"w-iconbox-icon\" style=\"font-size:100px;--icon-color:rgba(255,255,255,0.35);\"><i class=\"far fa-heart\"><\/i><\/div><div class=\"w-iconbox-meta\"><\/div><\/div><div class=\"w-separator size_small\"><\/div><div class=\"wpb_text_column us_custom_8f2ba1f4 us_animate_this\"><div class=\"wpb_wrapper\"><h2 style=\"text-align: center;\">\u00abL&#8217;infant ha de ser rebut amb respecte, educat amb amor i posat a la vida en llibertat\u00bb<\/h2>\n<p style=\"text-align: center;\"><strong><em>Rudolf Steiner<\/em><\/strong><\/p>\n<\/div><\/div><\/div><\/div><\/div><\/div><\/section>\n","protected":false},"excerpt":{"rendered":"Xin-Xirineu. Centre educatiu 0-3\u00abLa primera tasca de l&#8217;educaci\u00f3 \u00e9s agitar la vida, per\u00f2 deixar-la lliure per a que es desenvolupi\u00bb. Maria Montessori Xin-Xirineu va n\u00e9ixer al 2014 amb nom de can\u00e7\u00f3 de falda com a centre educatiu ubicat a Santa Margalida. Des del seu naixement ha anat creixent i evolucionant, el que ha dut a...","protected":false},"author":2,"featured_media":0,"parent":0,"menu_order":0,"comment_status":"closed","ping_status":"closed","template":"","meta":{"footnotes":""},"class_list":["post-8594","page","type-page","status-publish","hentry"],"_links":{"self":[{"href":"https:\/\/www.xinxirineu.com\/es\/wp-json\/wp\/v2\/pages\/8594","targetHints":{"allow":["GET"]}}],"collection":[{"href":"https:\/\/www.xinxirineu.com\/es\/wp-json\/wp\/v2\/pages"}],"about":[{"href":"https:\/\/www.xinxirineu.com\/es\/wp-json\/wp\/v2\/types\/page"}],"author":[{"embeddable":true,"href":"https:\/\/www.xinxirineu.com\/es\/wp-json\/wp\/v2\/users\/2"}],"replies":[{"embeddable":true,"href":"https:\/\/www.xinxirineu.com\/es\/wp-json\/wp\/v2\/comments?post=8594"}],"version-history":[{"count":16,"href":"https:\/\/www.xinxirineu.com\/es\/wp-json\/wp\/v2\/pages\/8594\/revisions"}],"predecessor-version":[{"id":8809,"href":"https:\/\/www.xinxirineu.com\/es\/wp-json\/wp\/v2\/pages\/8594\/revisions\/8809"}],"wp:attachment":[{"href":"https:\/\/www.xinxirineu.com\/es\/wp-json\/wp\/v2\/media?parent=8594"}],"curies":[{"name":"wp","href":"https:\/\/api.w.org\/{rel}","templated":true}]}}