{"id":8631,"date":"2022-03-17T13:47:06","date_gmt":"2022-03-17T12:47:06","guid":{"rendered":"https:\/\/www.xinxirineu.com\/?page_id=8631"},"modified":"2022-10-03T09:08:47","modified_gmt":"2022-10-03T07:08:47","slug":"xin-xirineu","status":"publish","type":"page","link":"https:\/\/www.xinxirineu.com\/es\/xin-xirineu\/","title":{"rendered":"Xin-Xirineu"},"content":{"rendered":"<section class=\"l-section wpb_row height_custom color_primary with_img parallax_hor bgwidth_120\"><div class=\"l-section-img\" role=\"img\" aria-label=\"Imagen\" data-img-width=\"1400\" data-img-height=\"547\" style=\"background-image: url(https:\/\/www.xinxirineu.com\/wp-content\/uploads\/2022\/03\/XINXIRINEU-pissarra.jpg);\"><\/div><div class=\"l-section-overlay\" style=\"background:rgba(2,2,2,0.67)\"><\/div><div class=\"l-section-h i-cf\"><div class=\"g-cols vc_row via_grid cols_1 laptops-cols_inherit tablets-cols_inherit mobiles-cols_1 valign_top type_default stacking_default\"><div class=\"wpb_column vc_column_container\"><div class=\"vc_column-inner\"><div class=\"wpb_text_column\"><div class=\"wpb_wrapper\"><h1 style=\"text-align: center;\">Xin-Xirineu, canci\u00f3n de cuna<\/h1>\n<\/div><\/div><div class=\"w-separator size_small\"><\/div><div class=\"w-iconbox iconpos_top style_default color_custom align_center no_text no_title\"><a href=\"#intro\" class=\"w-iconbox-link\" aria-label=\"far|chevron-down\"><div class=\"w-iconbox-icon\" style=\"font-size:3rem;--icon-color:#ffffff;\"><i class=\"far fa-chevron-down\"><\/i><\/div><\/a><div class=\"w-iconbox-meta\"><\/div><\/div><div class=\"w-separator size_medium\"><\/div><\/div><\/div><\/div><\/div><\/section><section class=\"l-section wpb_row height_custom\" id=\"history\"><div class=\"l-section-h i-cf\"><div class=\"g-cols vc_row via_grid cols_1 laptops-cols_inherit tablets-cols_inherit mobiles-cols_1 valign_top type_default stacking_default\"><div class=\"wpb_column vc_column_container\"><div class=\"vc_column-inner\"><div class=\"g-cols wpb_row via_grid cols_2 laptops-cols_inherit tablets-cols_inherit mobiles-cols_1 valign_top type_default stacking_default\" style=\"--columns-gap:3rem;\"><div class=\"wpb_column vc_column_container\"><div class=\"vc_column-inner\"><div class=\"wpb_text_column\"><div class=\"wpb_wrapper\"><h2 style=\"text-align: center;\">Transperencia, implicaci\u00f3n personal y corresponsabilidad.<\/h2>\n<p>Xin-Xirineu naci\u00f3 en 2014 con nombre de canci\u00f3n de cuna como centro educativo ubicado en Santa Margalida. Desde su nacimiento ha ido creciendo y evolucionando, lo que ha llevado a pasar por distintas etapas. A lo largo de esta evoluci\u00f3n diferentes profesionales han conocido y formado parte de la familia Xin-Xirineu y nos dimos cuenta de que la mejor forma de funcionar era la de un <a href=\"https:\/\/www.xinxirineu.com\/es\/equipo\/\"><strong>equipo<\/strong><\/a> en el que todas particip\u00e1bamos en la toma de decisiones, partiendo desde una transparencia, una implicaci\u00f3n personal y una corresponsabilidad. As\u00ed con ese mismo nombre se convirti\u00f3 en septiembre de 2020 en cooperativa.<\/p>\n<p>El servicio principal que ofrecemos es el educativo de 0-3 a\u00f1os desde dos centros: <strong>Xin-Xirineu Santa Margalida<\/strong> y <strong>Xin-Xirineu Can Picafort<\/strong>.<\/p>\n<\/div><\/div><\/div><\/div><div class=\"wpb_column vc_column_container\"><div class=\"vc_column-inner\"><div class=\"w-image style_shadow-2 align_center\"><div class=\"w-image-h\"><div class=\"w-image-shadow\" style=\"background-image:url(https:\/\/www.xinxirineu.com\/wp-content\/uploads\/2022\/03\/imatge-retallada.jpg);\"><\/div><img decoding=\"async\" width=\"1200\" height=\"1206\" src=\"https:\/\/www.xinxirineu.com\/wp-content\/uploads\/2022\/03\/imatge-retallada.jpg\" class=\"attachment-full size-full\" alt=\"\" loading=\"lazy\" srcset=\"https:\/\/www.xinxirineu.com\/wp-content\/uploads\/2022\/03\/imatge-retallada.jpg 1200w, https:\/\/www.xinxirineu.com\/wp-content\/uploads\/2022\/03\/imatge-retallada-1019x1024.jpg 1019w, https:\/\/www.xinxirineu.com\/wp-content\/uploads\/2022\/03\/imatge-retallada-150x150.jpg 150w\" sizes=\"auto, (max-width: 1200px) 100vw, 1200px\" \/><\/div><\/div><\/div><\/div><\/div><\/div><\/div><\/div><\/div><\/section><section class=\"l-section wpb_row us_custom_9631eef3 has_text_color height_custom\"><div class=\"l-section-h i-cf\"><div class=\"g-cols vc_row via_grid cols_1 laptops-cols_inherit tablets-cols_inherit mobiles-cols_1 valign_top type_default stacking_default\"><div class=\"wpb_column vc_column_container\"><div class=\"vc_column-inner\"><div class=\"wpb_text_column\"><div class=\"wpb_wrapper\"><h2 style=\"text-align: center;\">Servicio Educativo para ni\u00f1os y ni\u00f1as de 0 a 3 a\u00f1os.<\/h2>\n<p>Los centros Xin-Xirineu ofrecen <a href=\"https:\/\/www.xinxirineu.com\/es\/servicios\/\"><strong>servicios educativos<\/strong><\/a> que a su vez facilitan la conciliaci\u00f3n de la vida familiar, laboral y personal. Uno de ellos es el Servicio Educativo para ni\u00f1os de 0 a 3 a\u00f1os. Adem\u00e1s de asegurar el bienestar de los ni\u00f1os y la satisfacci\u00f3n de sus necesidades durante el tiempo de estancia en el centro, se pretende dar una estimulaci\u00f3n de su desarrollo basada en el respeto de la individualidad y el ritmo propio, y la concepci\u00f3n de globalidad del desarrollo. Xin-Xirineu se caracteriza por la flexibilidad y todo el mundo es bienvenido, sin ninguna discriminaci\u00f3n ya sea social, cultural, econ\u00f3mica y\/o ideol\u00f3gica.<\/p>\n<\/div><\/div><\/div><\/div><\/div><\/div><\/section><section class=\"l-section wpb_row height_custom\"><div class=\"l-section-h i-cf\"><div class=\"g-cols vc_row via_grid cols_1 laptops-cols_inherit tablets-cols_inherit mobiles-cols_1 valign_top type_default stacking_default\"><div class=\"wpb_column vc_column_container\"><div class=\"vc_column-inner\"><div class=\"wpb_text_column\"><div class=\"wpb_wrapper\"><h1 style=\"text-align: center;\">Nuestros centros<\/h1>\n<\/div><\/div><\/div><\/div><\/div><\/div><\/section><section class=\"l-section wpb_row height_custom\" id=\"history\"><div class=\"l-section-h i-cf\"><div class=\"g-cols vc_row via_grid cols_1 laptops-cols_inherit tablets-cols_inherit mobiles-cols_1 valign_top type_default stacking_default\"><div class=\"wpb_column vc_column_container\"><div class=\"vc_column-inner\"><div class=\"g-cols wpb_row via_grid cols_2 laptops-cols_inherit tablets-cols_inherit mobiles-cols_1 valign_top type_default stacking_default\" style=\"--columns-gap:3rem;\"><div class=\"wpb_column vc_column_container\"><div class=\"vc_column-inner\"><div class=\"wpb_text_column\"><div class=\"wpb_wrapper\"><h2 style=\"text-align: center;\">Xin-Xirineu Santa Margalida<\/h2>\n<p><strong><a href=\"https:\/\/www.xinxirineu.com\/es\/contacto\/\">Xin-Xirineu Santa Margalida<\/a><\/strong> es un centro educativo peque\u00f1o y familiar en proceso de adaptaci\u00f3n para formar parte de los centros autorizados por la Conselleria.<\/p>\n<\/div><\/div><\/div><\/div><div class=\"wpb_column vc_column_container\"><div class=\"vc_column-inner\"><div class=\"w-slider style_none fit_scaledown nav_none count_5\"><div class=\"w-slider-h\" aria-hidden=\"true\"><div class=\"royalSlider\"><div class=\"rsContent\"><a class=\"rsImg\" data-rsw=\"1024\" data-rsh=\"768\" href=\"https:\/\/www.xinxirineu.com\/wp-content\/uploads\/2022\/09\/xinxirineu-dia-1024x768.jpeg\"><span data-alt=\"\"><\/span><\/a><\/div><div class=\"rsContent\"><a class=\"rsImg\" data-rsw=\"1024\" data-rsh=\"767\" href=\"https:\/\/www.xinxirineu.com\/wp-content\/uploads\/2022\/03\/0005_Layer-3-1024x767.jpg\"><span data-alt=\"\"><\/span><\/a><\/div><div class=\"rsContent\"><a class=\"rsImg\" data-rsw=\"1024\" data-rsh=\"767\" href=\"https:\/\/www.xinxirineu.com\/wp-content\/uploads\/2022\/03\/0004_Layer-4-1024x767.jpg\"><span data-alt=\"\"><\/span><\/a><\/div><div class=\"rsContent\"><a class=\"rsImg\" data-rsw=\"1024\" data-rsh=\"767\" href=\"https:\/\/www.xinxirineu.com\/wp-content\/uploads\/2022\/03\/0003_Layer-5-1024x767.jpg\"><span data-alt=\"\"><\/span><\/a><\/div><div class=\"rsContent\"><a class=\"rsImg\" data-rsw=\"1024\" data-rsh=\"769\" href=\"https:\/\/www.xinxirineu.com\/wp-content\/uploads\/2022\/09\/xinxirineu-nit-1024x769.jpeg\"><span data-alt=\"\"><\/span><\/a><\/div><\/div><img decoding=\"async\" src=\"https:\/\/www.xinxirineu.com\/wp-content\/uploads\/2022\/09\/xinxirineu-dia-1024x768.jpeg\" width=\"1024\" height=\"768\" alt loading=\"lazy\"><\/div><div class=\"w-slider-json\" onclick='return {&quot;autoScaleSlider&quot;:true,&quot;addActiveClass&quot;:true,&quot;loop&quot;:true,&quot;fadeInLoadedSlide&quot;:false,&quot;slidesSpacing&quot;:0,&quot;imageScalePadding&quot;:0,&quot;numImagesToPreload&quot;:2,&quot;arrowsNav&quot;:true,&quot;arrowsNavAutoHide&quot;:false,&quot;transitionType&quot;:&quot;move&quot;,&quot;transitionSpeed&quot;:250,&quot;block&quot;:{&quot;moveEffect&quot;:&quot;none&quot;,&quot;speed&quot;:300},&quot;thumbs&quot;:{&quot;fitInViewport&quot;:false,&quot;firstMargin&quot;:false,&quot;spacing&quot;:4},&quot;controlNavigation&quot;:&quot;none&quot;,&quot;autoScaleSliderWidth&quot;:1024,&quot;autoScaleSliderHeight&quot;:768}'><\/div><\/div><\/div><\/div><\/div><\/div><\/div><\/div><\/div><\/section><section class=\"l-section wpb_row height_custom\" id=\"history\"><div class=\"l-section-h i-cf\"><div class=\"g-cols vc_row via_grid cols_1 laptops-cols_inherit tablets-cols_inherit mobiles-cols_1 valign_top type_default stacking_default\"><div class=\"wpb_column vc_column_container\"><div class=\"vc_column-inner\"><div class=\"g-cols wpb_row via_grid cols_2 laptops-cols_inherit tablets-cols_inherit mobiles-cols_1 valign_top type_default stacking_default\" style=\"--columns-gap:3rem;\"><div class=\"wpb_column vc_column_container\"><div class=\"vc_column-inner\"><div class=\"wpb_text_column\"><div class=\"wpb_wrapper\"><h2 style=\"text-align: center;\">Xin-Xirineu Can Picafort<\/h2>\n<p><strong><a href=\"https:\/\/www.xinxirineu.com\/contacto\/\">Xin-Xirineu Can Picafort<\/a><\/strong> es m\u00e1s grande y con una mayor oferta de plazas y ya dispone de la autorizaci\u00f3n por parte de la Conselleria d&#8217;Educaci\u00f3. Adem\u00e1s, forma parte de la Red educativa complementaria a la Red de guarder\u00edas p\u00fablicas. Esto supone un compromiso con la Conselleria que garantiza una mayor calidad del servicio y acceso por parte de las familias a servicios p\u00fablicos, a la vez que a convocatorias de ayudas.<\/p>\n<\/div><\/div><\/div><\/div><div class=\"wpb_column vc_column_container\"><div class=\"vc_column-inner\"><div class=\"w-slider style_none fit_scaledown nav_none count_4\"><div class=\"w-slider-h\" aria-hidden=\"true\"><div class=\"royalSlider\"><div class=\"rsContent\"><a class=\"rsImg\" data-rsw=\"1024\" data-rsh=\"767\" href=\"https:\/\/www.xinxirineu.com\/wp-content\/uploads\/2022\/03\/0002_Layer-6-1024x767.jpg\"><span data-alt=\"\"><\/span><\/a><\/div><div class=\"rsContent\"><a class=\"rsImg\" data-rsw=\"1024\" data-rsh=\"767\" href=\"https:\/\/www.xinxirineu.com\/wp-content\/uploads\/2022\/03\/0008_Layer-0-1024x767.jpg\"><span data-alt=\"\"><\/span><\/a><\/div><div class=\"rsContent\"><a class=\"rsImg\" data-rsw=\"1024\" data-rsh=\"767\" href=\"https:\/\/www.xinxirineu.com\/wp-content\/uploads\/2022\/03\/0006_Layer-2-1024x767.jpg\"><span data-alt=\"\"><\/span><\/a><\/div><div class=\"rsContent\"><a class=\"rsImg\" data-rsw=\"1024\" data-rsh=\"767\" href=\"https:\/\/www.xinxirineu.com\/wp-content\/uploads\/2022\/03\/0000_Layer-8-1024x767.jpg\"><span data-alt=\"\"><\/span><\/a><\/div><\/div><img decoding=\"async\" src=\"https:\/\/www.xinxirineu.com\/wp-content\/uploads\/2022\/03\/0002_Layer-6-1024x767.jpg\" width=\"1024\" height=\"767\" alt loading=\"lazy\"><\/div><div class=\"w-slider-json\" onclick='return {&quot;autoScaleSlider&quot;:true,&quot;addActiveClass&quot;:true,&quot;loop&quot;:true,&quot;fadeInLoadedSlide&quot;:false,&quot;slidesSpacing&quot;:0,&quot;imageScalePadding&quot;:0,&quot;numImagesToPreload&quot;:2,&quot;arrowsNav&quot;:true,&quot;arrowsNavAutoHide&quot;:false,&quot;transitionType&quot;:&quot;move&quot;,&quot;transitionSpeed&quot;:250,&quot;block&quot;:{&quot;moveEffect&quot;:&quot;none&quot;,&quot;speed&quot;:300},&quot;thumbs&quot;:{&quot;fitInViewport&quot;:false,&quot;firstMargin&quot;:false,&quot;spacing&quot;:4},&quot;controlNavigation&quot;:&quot;none&quot;,&quot;autoScaleSliderWidth&quot;:1024,&quot;autoScaleSliderHeight&quot;:767}'><\/div><\/div><\/div><\/div><\/div><\/div><\/div><\/div><\/div><\/section>\n","protected":false},"excerpt":{"rendered":"Xin-Xirineu, canci\u00f3n de cuna Transperencia, implicaci\u00f3n personal y corresponsabilidad. Xin-Xirineu naci\u00f3 en 2014 con nombre de canci\u00f3n de cuna como centro educativo ubicado en Santa Margalida. Desde su nacimiento ha ido creciendo y evolucionando, lo que ha llevado a pasar por distintas etapas. A lo largo de esta evoluci\u00f3n diferentes profesionales han conocido y formado...","protected":false},"author":2,"featured_media":0,"parent":0,"menu_order":0,"comment_status":"closed","ping_status":"closed","template":"","meta":{"footnotes":""},"class_list":["post-8631","page","type-page","status-publish","hentry"],"_links":{"self":[{"href":"https:\/\/www.xinxirineu.com\/es\/wp-json\/wp\/v2\/pages\/8631","targetHints":{"allow":["GET"]}}],"collection":[{"href":"https:\/\/www.xinxirineu.com\/es\/wp-json\/wp\/v2\/pages"}],"about":[{"href":"https:\/\/www.xinxirineu.com\/es\/wp-json\/wp\/v2\/types\/page"}],"author":[{"embeddable":true,"href":"https:\/\/www.xinxirineu.com\/es\/wp-json\/wp\/v2\/users\/2"}],"replies":[{"embeddable":true,"href":"https:\/\/www.xinxirineu.com\/es\/wp-json\/wp\/v2\/comments?post=8631"}],"version-history":[{"count":6,"href":"https:\/\/www.xinxirineu.com\/es\/wp-json\/wp\/v2\/pages\/8631\/revisions"}],"predecessor-version":[{"id":8685,"href":"https:\/\/www.xinxirineu.com\/es\/wp-json\/wp\/v2\/pages\/8631\/revisions\/8685"}],"wp:attachment":[{"href":"https:\/\/www.xinxirineu.com\/es\/wp-json\/wp\/v2\/media?parent=8631"}],"curies":[{"name":"wp","href":"https:\/\/api.w.org\/{rel}","templated":true}]}}