{"id":8635,"date":"2022-03-25T10:51:55","date_gmt":"2022-03-25T09:51:55","guid":{"rendered":"https:\/\/www.xinxirineu.com\/?page_id=8635"},"modified":"2022-09-30T13:24:26","modified_gmt":"2022-09-30T11:24:26","slug":"proyecto-educativo","status":"publish","type":"page","link":"https:\/\/www.xinxirineu.com\/es\/proyecto-educativo\/","title":{"rendered":"Proyecto educativo"},"content":{"rendered":"<section class=\"l-section wpb_row height_custom color_primary with_img parallax_hor bgwidth_120\"><div class=\"l-section-img\" role=\"img\" aria-label=\"Imagen\" data-img-width=\"1600\" data-img-height=\"794\" style=\"background-image: url(https:\/\/www.xinxirineu.com\/wp-content\/uploads\/2022\/03\/pinzellades1.jpg);\"><\/div><div class=\"l-section-overlay\" style=\"background:rgba(2,2,2,0.67)\"><\/div><div class=\"l-section-h i-cf\"><div class=\"g-cols vc_row via_grid cols_1 laptops-cols_inherit tablets-cols_inherit mobiles-cols_1 valign_top type_default stacking_default\"><div class=\"wpb_column vc_column_container\"><div class=\"vc_column-inner\"><div class=\"wpb_text_column\"><div class=\"wpb_wrapper\"><h1 style=\"text-align: center;\">Proyecto educativo<\/h1>\n<\/div><\/div><div class=\"w-separator size_small\"><\/div><div class=\"w-iconbox iconpos_top style_default color_custom align_center no_text no_title\"><a href=\"#intro\" class=\"w-iconbox-link\" aria-label=\"far|chevron-down\"><div class=\"w-iconbox-icon\" style=\"font-size:3rem;--icon-color:#ffffff;\"><i class=\"far fa-chevron-down\"><\/i><\/div><\/a><div class=\"w-iconbox-meta\"><\/div><\/div><div class=\"w-separator size_medium\"><\/div><\/div><\/div><\/div><\/div><\/section><section class=\"l-section wpb_row height_custom\"><div class=\"l-section-h i-cf\"><div class=\"g-cols vc_row via_grid cols_1 laptops-cols_inherit tablets-cols_inherit mobiles-cols_1 valign_top type_default stacking_default\"><div class=\"wpb_column vc_column_container\"><div class=\"vc_column-inner\"><div class=\"g-cols wpb_row via_grid cols_3 laptops-cols_inherit tablets-cols_inherit mobiles-cols_1 valign_top type_default stacking_default\" style=\"--columns-gap:3rem;\"><div class=\"wpb_column vc_column_container\"><div class=\"vc_column-inner\"><div class=\"w-image style_shadow-2 align_none\"><div class=\"w-image-h\"><div class=\"w-image-shadow\" style=\"background-image:url(https:\/\/www.xinxirineu.com\/wp-content\/uploads\/2022\/03\/cubs-1.jpg);\"><\/div><img decoding=\"async\" width=\"1200\" height=\"1200\" src=\"https:\/\/www.xinxirineu.com\/wp-content\/uploads\/2022\/03\/cubs-1.jpg\" class=\"attachment-full size-full\" alt=\"\" loading=\"lazy\" srcset=\"https:\/\/www.xinxirineu.com\/wp-content\/uploads\/2022\/03\/cubs-1.jpg 1200w, https:\/\/www.xinxirineu.com\/wp-content\/uploads\/2022\/03\/cubs-1-300x300.jpg 300w, https:\/\/www.xinxirineu.com\/wp-content\/uploads\/2022\/03\/cubs-1-1024x1024.jpg 1024w, https:\/\/www.xinxirineu.com\/wp-content\/uploads\/2022\/03\/cubs-1-150x150.jpg 150w\" sizes=\"auto, (max-width: 1200px) 100vw, 1200px\" \/><\/div><\/div><\/div><\/div><div class=\"wpb_column vc_column_container\"><div class=\"vc_column-inner\"><div class=\"w-image style_shadow-2 align_none\"><div class=\"w-image-h\"><div class=\"w-image-shadow\" style=\"background-image:url(https:\/\/www.xinxirineu.com\/wp-content\/uploads\/2022\/03\/rodes.jpg);\"><\/div><img decoding=\"async\" width=\"1411\" height=\"1411\" src=\"https:\/\/www.xinxirineu.com\/wp-content\/uploads\/2022\/03\/rodes.jpg\" class=\"attachment-full size-full\" alt=\"\" loading=\"lazy\" srcset=\"https:\/\/www.xinxirineu.com\/wp-content\/uploads\/2022\/03\/rodes.jpg 1411w, https:\/\/www.xinxirineu.com\/wp-content\/uploads\/2022\/03\/rodes-300x300.jpg 300w, https:\/\/www.xinxirineu.com\/wp-content\/uploads\/2022\/03\/rodes-1024x1024.jpg 1024w, https:\/\/www.xinxirineu.com\/wp-content\/uploads\/2022\/03\/rodes-150x150.jpg 150w\" sizes=\"auto, (max-width: 1411px) 100vw, 1411px\" \/><\/div><\/div><\/div><\/div><div class=\"wpb_column vc_column_container\"><div class=\"vc_column-inner\"><div class=\"w-image style_shadow-2 align_none\"><div class=\"w-image-h\"><div class=\"w-image-shadow\" style=\"background-image:url(https:\/\/www.xinxirineu.com\/wp-content\/uploads\/2022\/03\/hort.jpg);\"><\/div><img decoding=\"async\" width=\"500\" height=\"500\" src=\"https:\/\/www.xinxirineu.com\/wp-content\/uploads\/2022\/03\/hort.jpg\" class=\"attachment-full size-full\" alt=\"\" loading=\"lazy\" srcset=\"https:\/\/www.xinxirineu.com\/wp-content\/uploads\/2022\/03\/hort.jpg 500w, https:\/\/www.xinxirineu.com\/wp-content\/uploads\/2022\/03\/hort-300x300.jpg 300w, https:\/\/www.xinxirineu.com\/wp-content\/uploads\/2022\/03\/hort-150x150.jpg 150w\" sizes=\"auto, (max-width: 500px) 100vw, 500px\" \/><\/div><\/div><\/div><\/div><\/div><\/div><\/div><\/div><\/div><\/section><section class=\"l-section wpb_row height_custom\"><div class=\"l-section-h i-cf\"><div class=\"g-cols vc_row via_grid cols_1 laptops-cols_inherit tablets-cols_inherit mobiles-cols_1 valign_top type_default stacking_default\"><div class=\"wpb_column vc_column_container\"><div class=\"vc_column-inner\"><div class=\"wpb_text_column\"><div class=\"wpb_wrapper\"><p>Nuestro proyecto se fundamenta en la teor\u00eda de autores como <strong>Maria Montessori<\/strong>, <strong>Loris Malaguzzi<\/strong>, <strong>Emmi Pikler<\/strong>, <strong>Rudolf Steiner (Waldorf)<\/strong>, <strong>Gianni Rodari<\/strong>, entre otros.<\/p>\n<p>Nuestro proyecto educativo tiene como objetivo principal favorecer el <strong>desarrollo integral de los ni\u00f1os<\/strong> en sus primeros a\u00f1os de vida, dirigi\u00e9ndose a aspectos biol\u00f3gicos, motrices, cognitivos, afectivos y sociales. Por todo ello, es de gran importancia la libertad y el respeto en cuanto al movimiento, la iniciativa propia del ni\u00f1o y su ritmo. Tambi\u00e9n se pretende estimular la creatividad y la imaginaci\u00f3n del ni\u00f1o como fuente de grandes aprendizajes.<\/p>\n<p>En todo esto, los adultos se presentan como figuras co-participantes, gu\u00edas, acompa\u00f1antes y observadores. Deben encargarse de facilitar y crear climas y relaciones afectivas, adem\u00e1s de disponer espacios de por s\u00ed estimuladores y provocadores de curiosidades.<\/p>\n<p>De todas formas, tenemos claro que todo esto puede llevarse adelante exitosamente si existe una estrecha relaci\u00f3n con la familia, invit\u00e1ndoles a participar y colaborar, y tener como resultado una experiencia m\u00e1s rica y coherente. Es muy importante establecer un v\u00ednculo basado en la confianza, el respeto, la coordinaci\u00f3n y la comprensi\u00f3n entre el centro y las familias. La relaci\u00f3n debe ser fluida, constante y bidireccional. Creemos que es importante que las familias se sientan que forman parte de este centro y proyecto educativo y que consideren que el objetivo suyo y nuestro es com\u00fan. Lo importante es que no s\u00f3lo el ni\u00f1o disfrute de un contexto educativo de calidad, sino que las familias tambi\u00e9n.<\/p>\n<p>Nuestra metodolog\u00eda est\u00e1 basada en una estructura temporal en la que son de gran importancia las rutinas. \u00c9stas, adem\u00e1s de estructurarnos el d\u00eda, aportar seguridad a los ni\u00f1os, aportan momentos con gran valor pedag\u00f3gico.<\/p>\n<\/div><\/div><\/div><\/div><\/div><\/div><\/section><section class=\"l-section wpb_row height_custom\"><div class=\"l-section-h i-cf\"><div class=\"g-cols vc_row via_grid cols_1 laptops-cols_inherit tablets-cols_inherit mobiles-cols_1 valign_top type_default stacking_default\"><div class=\"wpb_column vc_column_container\"><div class=\"vc_column-inner\"><div class=\"w-slider style_none fit_scaledown nav_dots count_18\"><div class=\"w-slider-h\" aria-hidden=\"true\"><div class=\"royalSlider\"><div class=\"rsContent\"><a class=\"rsImg\" data-rsw=\"1024\" data-rsh=\"768\" href=\"https:\/\/www.xinxirineu.com\/wp-content\/uploads\/2022\/03\/fotos-carrusel_0030_Layer-1-1024x768.jpg\"><span data-alt=\"\"><\/span><\/a><\/div><div class=\"rsContent\"><a class=\"rsImg\" data-rsw=\"1024\" data-rsh=\"768\" href=\"https:\/\/www.xinxirineu.com\/wp-content\/uploads\/2022\/03\/fotos-carrusel_0031_Lauer-0-1024x768.jpg\"><span data-alt=\"\"><\/span><\/a><\/div><div class=\"rsContent\"><a class=\"rsImg\" data-rsw=\"1024\" data-rsh=\"768\" href=\"https:\/\/www.xinxirineu.com\/wp-content\/uploads\/2022\/03\/fotos-carrusel_0028_Layer-3-1024x768.jpg\"><span data-alt=\"\"><\/span><\/a><\/div><div class=\"rsContent\"><a class=\"rsImg\" data-rsw=\"1024\" data-rsh=\"768\" href=\"https:\/\/www.xinxirineu.com\/wp-content\/uploads\/2022\/03\/fotos-carrusel_0025_Layer-6-1024x768.jpg\"><span data-alt=\"\"><\/span><\/a><\/div><div class=\"rsContent\"><a class=\"rsImg\" data-rsw=\"1024\" data-rsh=\"768\" href=\"https:\/\/www.xinxirineu.com\/wp-content\/uploads\/2022\/03\/fotos-carrusel_0027_Layer-4-1024x768.jpg\"><span data-alt=\"\"><\/span><\/a><\/div><div class=\"rsContent\"><a class=\"rsImg\" data-rsw=\"1024\" data-rsh=\"768\" href=\"https:\/\/www.xinxirineu.com\/wp-content\/uploads\/2022\/03\/fotos-carrusel_0024_Layer-7-1024x768.jpg\"><span data-alt=\"\"><\/span><\/a><\/div><div class=\"rsContent\"><a class=\"rsImg\" data-rsw=\"1024\" data-rsh=\"768\" href=\"https:\/\/www.xinxirineu.com\/wp-content\/uploads\/2022\/03\/fotos-carrusel_0013_Layer-18-1024x768.jpg\"><span data-alt=\"\"><\/span><\/a><\/div><div class=\"rsContent\"><a class=\"rsImg\" data-rsw=\"1024\" data-rsh=\"768\" href=\"https:\/\/www.xinxirineu.com\/wp-content\/uploads\/2022\/03\/fotos-carrusel_0019_Layer-12-1024x768.jpg\"><span data-alt=\"\"><\/span><\/a><\/div><div class=\"rsContent\"><a class=\"rsImg\" data-rsw=\"1024\" data-rsh=\"768\" href=\"https:\/\/www.xinxirineu.com\/wp-content\/uploads\/2022\/03\/fotos-carrusel_0018_Layer-13-1024x768.jpg\"><span data-alt=\"\"><\/span><\/a><\/div><div class=\"rsContent\"><a class=\"rsImg\" data-rsw=\"1024\" data-rsh=\"768\" href=\"https:\/\/www.xinxirineu.com\/wp-content\/uploads\/2022\/03\/fotos-carrusel_0011_Layer-20-1024x768.jpg\"><span data-alt=\"\"><\/span><\/a><\/div><div class=\"rsContent\"><a class=\"rsImg\" data-rsw=\"1024\" data-rsh=\"768\" href=\"https:\/\/www.xinxirineu.com\/wp-content\/uploads\/2022\/03\/fotos-carrusel_0002_Layer-29-1024x768.jpg\"><span data-alt=\"\"><\/span><\/a><\/div><div class=\"rsContent\"><a class=\"rsImg\" data-rsw=\"1024\" data-rsh=\"768\" href=\"https:\/\/www.xinxirineu.com\/wp-content\/uploads\/2022\/03\/fotos-carrusel_0001_Layer-30-1024x768.jpg\"><span data-alt=\"\"><\/span><\/a><\/div><div class=\"rsContent\"><a class=\"rsImg\" data-rsw=\"1024\" data-rsh=\"768\" href=\"https:\/\/www.xinxirineu.com\/wp-content\/uploads\/2022\/03\/fotos-carrusel_0008_Layer-23-1024x768.jpg\"><span data-alt=\"\"><\/span><\/a><\/div><div class=\"rsContent\"><a class=\"rsImg\" data-rsw=\"1024\" data-rsh=\"768\" href=\"https:\/\/www.xinxirineu.com\/wp-content\/uploads\/2022\/03\/fotos-carrusel_0007_Layer-24-1024x768.jpg\"><span data-alt=\"\"><\/span><\/a><\/div><div class=\"rsContent\"><a class=\"rsImg\" data-rsw=\"1024\" data-rsh=\"768\" href=\"https:\/\/www.xinxirineu.com\/wp-content\/uploads\/2022\/03\/fotos-carrusel_0005_Layer-26-1024x768.jpg\"><span data-alt=\"\"><\/span><\/a><\/div><div class=\"rsContent\"><a class=\"rsImg\" data-rsw=\"1024\" data-rsh=\"768\" href=\"https:\/\/www.xinxirineu.com\/wp-content\/uploads\/2022\/03\/fotos-carrusel_0003_Layer-28-1024x768.jpg\"><span data-alt=\"\"><\/span><\/a><\/div><div class=\"rsContent\"><a class=\"rsImg\" data-rsw=\"1024\" data-rsh=\"768\" href=\"https:\/\/www.xinxirineu.com\/wp-content\/uploads\/2022\/03\/fotos-carrusel_0014_Layer-17-1024x768.jpg\"><span data-alt=\"\"><\/span><\/a><\/div><div class=\"rsContent\"><a class=\"rsImg\" data-rsw=\"1024\" data-rsh=\"768\" href=\"https:\/\/www.xinxirineu.com\/wp-content\/uploads\/2022\/03\/fotos-carrusel_0016_Layer-15-1024x768.jpg\"><span data-alt=\"\"><\/span><\/a><\/div><\/div><img decoding=\"async\" src=\"https:\/\/www.xinxirineu.com\/wp-content\/uploads\/2022\/03\/fotos-carrusel_0030_Layer-1-1024x768.jpg\" width=\"1024\" height=\"768\" alt loading=\"lazy\"><\/div><div class=\"w-slider-json\" onclick='return {&quot;autoScaleSlider&quot;:true,&quot;addActiveClass&quot;:true,&quot;loop&quot;:true,&quot;fadeInLoadedSlide&quot;:false,&quot;slidesSpacing&quot;:0,&quot;imageScalePadding&quot;:0,&quot;numImagesToPreload&quot;:2,&quot;arrowsNav&quot;:true,&quot;arrowsNavAutoHide&quot;:false,&quot;transitionType&quot;:&quot;move&quot;,&quot;transitionSpeed&quot;:250,&quot;block&quot;:{&quot;moveEffect&quot;:&quot;none&quot;,&quot;speed&quot;:300},&quot;thumbs&quot;:{&quot;fitInViewport&quot;:false,&quot;firstMargin&quot;:false,&quot;spacing&quot;:4},&quot;controlNavigation&quot;:&quot;bullets&quot;,&quot;autoScaleSliderWidth&quot;:1024,&quot;autoScaleSliderHeight&quot;:768}'><\/div><\/div><\/div><\/div><\/div><\/div><\/section><section class=\"l-section wpb_row height_custom\"><div class=\"l-section-h i-cf\"><div class=\"g-cols vc_row via_grid cols_1 laptops-cols_inherit tablets-cols_inherit mobiles-cols_1 valign_top type_default stacking_default\"><div class=\"wpb_column vc_column_container\"><div class=\"vc_column-inner\"><div class=\"wpb_text_column\"><div class=\"wpb_wrapper\"><h2 style=\"text-align: center;\">\u00abLa intervenci\u00f3n directa del adulto en los primeros estadios del desarrollo motriz no es una condici\u00f3n previa para la adquisici\u00f3n de estos estadios\u00bb.<\/h2>\n<p style=\"text-align: center;\"><strong><em>Emmi Pikler<\/em><\/strong><\/p>\n<\/div><\/div><\/div><\/div><\/div><\/div><\/section>\n","protected":false},"excerpt":{"rendered":"Proyecto educativo Nuestro proyecto se fundamenta en la teor\u00eda de autores como Maria Montessori, Loris Malaguzzi, Emmi Pikler, Rudolf Steiner (Waldorf), Gianni Rodari, entre otros. Nuestro proyecto educativo tiene como objetivo principal favorecer el desarrollo integral de los ni\u00f1os en sus primeros a\u00f1os de vida, dirigi\u00e9ndose a aspectos biol\u00f3gicos, motrices, cognitivos, afectivos y sociales. Por...","protected":false},"author":2,"featured_media":0,"parent":0,"menu_order":0,"comment_status":"closed","ping_status":"closed","template":"","meta":{"footnotes":""},"class_list":["post-8635","page","type-page","status-publish","hentry"],"_links":{"self":[{"href":"https:\/\/www.xinxirineu.com\/es\/wp-json\/wp\/v2\/pages\/8635","targetHints":{"allow":["GET"]}}],"collection":[{"href":"https:\/\/www.xinxirineu.com\/es\/wp-json\/wp\/v2\/pages"}],"about":[{"href":"https:\/\/www.xinxirineu.com\/es\/wp-json\/wp\/v2\/types\/page"}],"author":[{"embeddable":true,"href":"https:\/\/www.xinxirineu.com\/es\/wp-json\/wp\/v2\/users\/2"}],"replies":[{"embeddable":true,"href":"https:\/\/www.xinxirineu.com\/es\/wp-json\/wp\/v2\/comments?post=8635"}],"version-history":[{"count":3,"href":"https:\/\/www.xinxirineu.com\/es\/wp-json\/wp\/v2\/pages\/8635\/revisions"}],"predecessor-version":[{"id":8638,"href":"https:\/\/www.xinxirineu.com\/es\/wp-json\/wp\/v2\/pages\/8635\/revisions\/8638"}],"wp:attachment":[{"href":"https:\/\/www.xinxirineu.com\/es\/wp-json\/wp\/v2\/media?parent=8635"}],"curies":[{"name":"wp","href":"https:\/\/api.w.org\/{rel}","templated":true}]}}