{"id":8643,"date":"2022-03-25T11:46:06","date_gmt":"2022-03-25T10:46:06","guid":{"rendered":"https:\/\/www.xinxirineu.com\/?page_id=8643"},"modified":"2025-05-13T11:45:59","modified_gmt":"2025-05-13T09:45:59","slug":"servicios","status":"publish","type":"page","link":"https:\/\/www.xinxirineu.com\/es\/servicios\/","title":{"rendered":"Servicios"},"content":{"rendered":"<section class=\"l-section wpb_row height_custom color_primary with_img parallax_hor bgwidth_120\"><div class=\"l-section-img\" role=\"img\" aria-label=\"Imagen\" data-img-width=\"1440\" data-img-height=\"1086\" style=\"background-image: url(https:\/\/www.xinxirineu.com\/wp-content\/uploads\/2022\/03\/imatge1.jpg);\"><\/div><div class=\"l-section-overlay\" style=\"background:rgba(2,2,2,0.67)\"><\/div><div class=\"l-section-h i-cf\"><div class=\"g-cols vc_row via_grid cols_1 laptops-cols_inherit tablets-cols_inherit mobiles-cols_1 valign_top type_default stacking_default\"><div class=\"wpb_column vc_column_container\"><div class=\"vc_column-inner\"><div class=\"wpb_text_column\"><div class=\"wpb_wrapper\"><h1 style=\"text-align: center;\">Servicios<\/h1>\n<\/div><\/div><div class=\"w-separator size_small\"><\/div><div class=\"w-iconbox iconpos_top style_default color_custom align_center no_text no_title\"><a href=\"#intro\" class=\"w-iconbox-link\" aria-label=\"far|chevron-down\"><div class=\"w-iconbox-icon\" style=\"font-size:3rem;--icon-color:#ffffff;\"><i class=\"far fa-chevron-down\"><\/i><\/div><\/a><div class=\"w-iconbox-meta\"><\/div><\/div><div class=\"w-separator size_medium\"><\/div><\/div><\/div><\/div><\/div><\/section><section class=\"l-section wpb_row us_custom_bf8aeff9 has_text_color height_custom\"><div class=\"l-section-h i-cf\"><div class=\"g-cols vc_row via_grid cols_3 laptops-cols_inherit tablets-cols_inherit mobiles-cols_1 valign_top type_default stacking_default\"><div class=\"wpb_column vc_column_container us_custom_29a0f245\"><div class=\"vc_column-overlay\" style=\"background:#ffffff\"><\/div><div class=\"vc_column-inner\"><div class=\"wpb_text_column\"><div class=\"wpb_wrapper\"><h4>Adem\u00e1s del servicio educativo 0-3 a\u00f1os, los centros Xin-Xirineu ofrecen otros servicios como son:<\/h4>\n<\/div><\/div><\/div><\/div><div class=\"wpb_column vc_column_container\"><div class=\"vc_column-overlay\" style=\"background:#ffffff\"><\/div><div class=\"vc_column-inner\"><div class=\"w-image style_shadow-2 align_none\"><div class=\"w-image-h\"><div class=\"w-image-shadow\" style=\"background-image:url(https:\/\/www.xinxirineu.com\/wp-content\/uploads\/2022\/03\/ioga-1024x1024.jpeg);\"><\/div><img decoding=\"async\" width=\"1024\" height=\"1024\" src=\"https:\/\/www.xinxirineu.com\/wp-content\/uploads\/2022\/03\/ioga-1024x1024.jpeg\" class=\"attachment-large size-large\" alt=\"\" loading=\"lazy\" srcset=\"https:\/\/www.xinxirineu.com\/wp-content\/uploads\/2022\/03\/ioga-1024x1024.jpeg 1024w, https:\/\/www.xinxirineu.com\/wp-content\/uploads\/2022\/03\/ioga-300x300.jpeg 300w, https:\/\/www.xinxirineu.com\/wp-content\/uploads\/2022\/03\/ioga-150x150.jpeg 150w, https:\/\/www.xinxirineu.com\/wp-content\/uploads\/2022\/03\/ioga.jpeg 1080w\" sizes=\"auto, (max-width: 1024px) 100vw, 1024px\" \/><\/div><\/div><div class=\"w-separator size_medium\"><\/div><div class=\"wpb_text_column us_custom_9d93ad09\"><div class=\"wpb_wrapper\"><h2>Extraescolares<\/h2>\n<p>Ofrecemos actividades semanales durante el curso escolar para ni\u00f1os tanto de 0-3 a\u00f1os como de etapas posteriores. Algunas de estas son: <strong>Play &amp; Learn<\/strong>, <strong>yoga infantil<\/strong>, <strong>psicomotricidad<\/strong>.<\/p>\n<\/div><\/div><\/div><\/div><div class=\"wpb_column vc_column_container\"><div class=\"vc_column-inner\"><div class=\"w-image style_shadow-2 align_none\"><div class=\"w-image-h\"><div class=\"w-image-shadow\" style=\"background-image:url(https:\/\/www.xinxirineu.com\/wp-content\/uploads\/2022\/03\/Joc-en-fami\u0301lia-1024x767.jpg);\"><\/div><img decoding=\"async\" width=\"1024\" height=\"767\" src=\"https:\/\/www.xinxirineu.com\/wp-content\/uploads\/2022\/03\/Joc-en-fami\u0301lia-1024x767.jpg\" class=\"attachment-large size-large\" alt=\"\" loading=\"lazy\" srcset=\"https:\/\/www.xinxirineu.com\/wp-content\/uploads\/2022\/03\/Joc-en-fami\u0301lia-1024x767.jpg 1024w, https:\/\/www.xinxirineu.com\/wp-content\/uploads\/2022\/03\/Joc-en-fami\u0301lia-300x225.jpg 300w, https:\/\/www.xinxirineu.com\/wp-content\/uploads\/2022\/03\/Joc-en-fami\u0301lia.jpg 1440w\" sizes=\"auto, (max-width: 1024px) 100vw, 1024px\" \/><\/div><\/div><div class=\"w-separator size_medium\"><\/div><div class=\"wpb_text_column\"><div class=\"wpb_wrapper\"><h2>Talleres infantiles y familiares<\/h2>\n<p>De frecuencia mensual o de forma puntual ofrecemos diferentes actividades educativas y culturales tanto para ni\u00f1os como para familias. Algunas de \u00e9stas son <strong>Juego en Familia<\/strong>, <strong>Jugamos con las Emociones<\/strong>, <strong>Matem\u00e1ticas Activas<\/strong>, <strong>Reciclart<\/strong>, <strong>Jugando con las Letras<\/strong>, <strong>cuentacuentos<\/strong>, etc.<\/p>\n<\/div><\/div><\/div><\/div><\/div><\/div><\/section><section class=\"l-section wpb_row us_custom_bf8aeff9 has_text_color height_custom\"><div class=\"l-section-h i-cf\"><div class=\"g-cols vc_row via_grid cols_3 laptops-cols_inherit tablets-cols_inherit mobiles-cols_1 valign_top type_default stacking_default\"><div class=\"wpb_column vc_column_container\"><div class=\"vc_column-inner\"><div class=\"w-image style_shadow-2 align_none\"><div class=\"w-image-h\"><div class=\"w-image-shadow\" style=\"background-image:url(https:\/\/www.xinxirineu.com\/wp-content\/uploads\/2022\/03\/xerrada.jpeg);\"><\/div><img decoding=\"async\" width=\"960\" height=\"539\" src=\"https:\/\/www.xinxirineu.com\/wp-content\/uploads\/2022\/03\/xerrada.jpeg\" class=\"attachment-large size-large\" alt=\"\" loading=\"lazy\" srcset=\"https:\/\/www.xinxirineu.com\/wp-content\/uploads\/2022\/03\/xerrada.jpeg 960w, https:\/\/www.xinxirineu.com\/wp-content\/uploads\/2022\/03\/xerrada-300x168.jpeg 300w\" sizes=\"auto, (max-width: 960px) 100vw, 960px\" \/><\/div><\/div><div class=\"w-separator size_medium\"><\/div><div class=\"wpb_text_column\"><div class=\"wpb_wrapper\"><h2>Charlas<\/h2>\n<p>Vamos organizando charlas tanto con profesionales del centro como externos sobre temas de crianza y desarrollo.<\/p>\n<\/div><\/div><\/div><\/div><div class=\"wpb_column vc_column_container\"><div class=\"vc_column-inner\"><div class=\"w-image style_shadow-2 align_none\"><div class=\"w-image-h\"><div class=\"w-image-shadow\" style=\"background-image:url(https:\/\/www.xinxirineu.com\/wp-content\/uploads\/2022\/03\/logopedia-1024x767.jpeg);\"><\/div><img decoding=\"async\" width=\"1024\" height=\"767\" src=\"https:\/\/www.xinxirineu.com\/wp-content\/uploads\/2022\/03\/logopedia-1024x767.jpeg\" class=\"attachment-large size-large\" alt=\"\" loading=\"lazy\" srcset=\"https:\/\/www.xinxirineu.com\/wp-content\/uploads\/2022\/03\/logopedia-1024x767.jpeg 1024w, https:\/\/www.xinxirineu.com\/wp-content\/uploads\/2022\/03\/logopedia-300x225.jpeg 300w, https:\/\/www.xinxirineu.com\/wp-content\/uploads\/2022\/03\/logopedia.jpeg 1198w\" sizes=\"auto, (max-width: 1024px) 100vw, 1024px\" \/><\/div><\/div><div class=\"w-separator size_medium\"><\/div><div class=\"wpb_text_column\"><div class=\"wpb_wrapper\"><h2>Servicio de psicolog\u00eda y logopedia<\/h2>\n<p>Desde 2014 ofrecemos este servicio autorizado por la Consejer\u00eda de Salud (s\u00f3lo en Santa Margalida). Actualmente el equipo est\u00e1 formado por:<\/p>\n<p><strong>Joana Maria Monjo Avell\u00e0<\/strong>: psic\u00f3loga y psicopedagoga (col. B-02262).<\/p>\n<p><strong>Maria Jos\u00e9 Mu\u00f1oz Pons-Estel<\/strong>: psic\u00f3loga (col B-02999)<\/p>\n<p><strong>Patr\u00edcia S\u00e1nchez Mir<\/strong>: logopeda (col. 07-0368)<\/p>\n<p><strong>Maria del Mar Cerd\u00e0 Torrandell<\/strong>: logopeda (col. 07\/0362)<\/p>\n<\/div><\/div><\/div><\/div><div class=\"wpb_column vc_column_container\"><div class=\"vc_column-inner\"><div class=\"w-image style_shadow-2 align_none\"><div class=\"w-image-h\"><div class=\"w-image-shadow\" style=\"background-image:url(https:\/\/www.xinxirineu.com\/wp-content\/uploads\/2022\/03\/Bibliopetits.jpg);\"><\/div><img decoding=\"async\" width=\"960\" height=\"720\" src=\"https:\/\/www.xinxirineu.com\/wp-content\/uploads\/2022\/03\/Bibliopetits.jpg\" class=\"attachment-large size-large\" alt=\"\" loading=\"lazy\" srcset=\"https:\/\/www.xinxirineu.com\/wp-content\/uploads\/2022\/03\/Bibliopetits.jpg 960w, https:\/\/www.xinxirineu.com\/wp-content\/uploads\/2022\/03\/Bibliopetits-300x225.jpg 300w\" sizes=\"auto, (max-width: 960px) 100vw, 960px\" \/><\/div><\/div><div class=\"w-separator size_medium\"><\/div><div class=\"wpb_text_column\"><div class=\"wpb_wrapper\"><h2>\u00abBibliopetits\u00bb<\/h2>\n<p>Talleres para bibliotecas destinados a familias con ni\u00f1os de 0-3 a\u00f1os, iniciados en las bibliotecas del municipio de Santa Margalida en abril de 2014. Tienen como finalidad, aproximar a las familias y los ni\u00f1os m\u00e1s peque\u00f1os a la cultura de los libros, desde del juego y el placer. Al mismo tiempo, dar recursos desde las bibliotecas (u otros espacios educativos) a las familias con ni\u00f1os, tanto para satisfacer curiosidades como necesidades.<\/p>\n<\/div><\/div><\/div><\/div><\/div><\/div><\/section><div class=\"wpb_column vc_column_container\"><div class=\"vc_column-inner\"><\/div><\/div><div class=\"wpb_column vc_column_container\"><div class=\"vc_column-inner\"><\/div><\/div>\n","protected":false},"excerpt":{"rendered":"Servicios Adem\u00e1s del servicio educativo 0-3 a\u00f1os, los centros Xin-Xirineu ofrecen otros servicios como son: Extraescolares Ofrecemos actividades semanales durante el curso escolar para ni\u00f1os tanto de 0-3 a\u00f1os como de etapas posteriores. Algunas de estas son: Play &amp; Learn, yoga infantil, psicomotricidad. Talleres infantiles y familiares De frecuencia mensual o de forma puntual ofrecemos...","protected":false},"author":2,"featured_media":0,"parent":0,"menu_order":0,"comment_status":"closed","ping_status":"closed","template":"","meta":{"footnotes":""},"class_list":["post-8643","page","type-page","status-publish","hentry"],"_links":{"self":[{"href":"https:\/\/www.xinxirineu.com\/es\/wp-json\/wp\/v2\/pages\/8643","targetHints":{"allow":["GET"]}}],"collection":[{"href":"https:\/\/www.xinxirineu.com\/es\/wp-json\/wp\/v2\/pages"}],"about":[{"href":"https:\/\/www.xinxirineu.com\/es\/wp-json\/wp\/v2\/types\/page"}],"author":[{"embeddable":true,"href":"https:\/\/www.xinxirineu.com\/es\/wp-json\/wp\/v2\/users\/2"}],"replies":[{"embeddable":true,"href":"https:\/\/www.xinxirineu.com\/es\/wp-json\/wp\/v2\/comments?post=8643"}],"version-history":[{"count":5,"href":"https:\/\/www.xinxirineu.com\/es\/wp-json\/wp\/v2\/pages\/8643\/revisions"}],"predecessor-version":[{"id":8799,"href":"https:\/\/www.xinxirineu.com\/es\/wp-json\/wp\/v2\/pages\/8643\/revisions\/8799"}],"wp:attachment":[{"href":"https:\/\/www.xinxirineu.com\/es\/wp-json\/wp\/v2\/media?parent=8643"}],"curies":[{"name":"wp","href":"https:\/\/api.w.org\/{rel}","templated":true}]}}