{"id":8648,"date":"2022-03-25T14:13:34","date_gmt":"2022-03-25T13:13:34","guid":{"rendered":"https:\/\/www.xinxirineu.com\/?page_id=8648"},"modified":"2022-09-30T13:47:53","modified_gmt":"2022-09-30T11:47:53","slug":"actualidad","status":"publish","type":"page","link":"https:\/\/www.xinxirineu.com\/es\/actualidad\/","title":{"rendered":"Actualidad"},"content":{"rendered":"<section class=\"l-section wpb_row height_custom color_primary with_img parallax_hor bgwidth_120\"><div class=\"l-section-img\" role=\"img\" aria-label=\"Imagen\" data-img-width=\"2000\" data-img-height=\"846\" style=\"background-image: url(https:\/\/www.xinxirineu.com\/wp-content\/uploads\/2022\/03\/XINXI-CANPICA-1734.jpg);\"><\/div><div class=\"l-section-overlay\" style=\"background:rgba(2,2,2,0.67)\"><\/div><div class=\"l-section-h i-cf\"><div class=\"g-cols vc_row via_grid cols_1 laptops-cols_inherit tablets-cols_inherit mobiles-cols_1 valign_top type_default stacking_default\"><div class=\"wpb_column vc_column_container\"><div class=\"vc_column-inner\"><div class=\"wpb_text_column\"><div class=\"wpb_wrapper\"><h1 style=\"text-align: center;\">Actualidad<\/h1>\n<\/div><\/div><div class=\"w-separator size_small\"><\/div><div class=\"w-iconbox iconpos_top style_default color_custom align_center no_text no_title\"><a href=\"#intro\" class=\"w-iconbox-link\" aria-label=\"far|chevron-down\"><div class=\"w-iconbox-icon\" style=\"font-size:3rem;--icon-color:#ffffff;\"><i class=\"far fa-chevron-down\"><\/i><\/div><\/a><div class=\"w-iconbox-meta\"><\/div><\/div><\/div><\/div><\/div><\/div><\/section><div class=\"wpb_column vc_column_container\"><div class=\"vc_column-inner\"><\/div><\/div><section class=\"l-section wpb_row height_custom\"><div class=\"l-section-h i-cf\"><div class=\"g-cols vc_row via_grid cols_1 laptops-cols_inherit tablets-cols_inherit mobiles-cols_1 valign_top type_default stacking_default\"><div class=\"wpb_column vc_column_container\"><div class=\"vc_column-inner\"><div class=\"w-grid us_grid type_grid layout_blog_8 cols_2 overflow_hidden preload_style_spinner\" id=\"us_grid_1\" style=\"--columns:2;--gap:1.5rem;\" data-filterable=\"true\"><style>@media (max-width:600px){#us_grid_1{--columns:1!important}}.layout_blog_8 .w-grid-item-h{}@media(max-width:599px){.layout_blog_8 .usg_post_date_1{display:none!important}}@media(max-width:599px){.layout_blog_8 .usg_post_content_1{display:none!important}}.layout_blog_8 .usg_post_image_1{width:50%!important}.layout_blog_8 .usg_vwrapper_1{width:50%!important;margin-right:0!important}.layout_blog_8 .usg_hwrapper_2{margin-bottom:0!important}.layout_blog_8 .usg_post_taxonomy_1{font-size:14px!important;line-height:1.4!important;font-weight:700!important;text-transform:uppercase!important;margin-right:0.8rem!important}.layout_blog_8 .usg_post_date_1{color:var(--color-content-faded)!important;font-size:14px!important;line-height:1.4!important}.layout_blog_8 .usg_post_title_1{color:var(--color-content-heading)!important;font-size:1.8rem!important;line-height:1.2!important;margin-right:-35%!important;margin-bottom:0!important;padding-top:1rem!important;padding-right:1.2rem!important;padding-bottom:1rem!important;background:var(--color-content-bg)!important}.layout_blog_8 .usg_post_content_1{font-size:0.9rem!important;line-height:1.6!important;padding-right:1.5rem!important}@media (max-width:600px){.layout_blog_8 .usg_post_title_1{font-size:1.2rem!important;margin-right:0!important;padding-bottom:0!important}}<\/style><div class=\"w-grid-list\">\t<article class=\"w-grid-item size_1x1 post-8784 post type-post status-publish format-standard has-post-thumbnail hentry category-talleres\" data-id=\"8784\">\r\n\t\t<div class=\"w-grid-item-h\">\r\n\t\t\t\t\t\t<div class=\"w-hwrapper usg_hwrapper_1 align_none valign_top\"><div class=\"w-vwrapper usg_vwrapper_1 align_none valign_top\"><div class=\"w-hwrapper usg_hwrapper_2 align_none valign_top wrap\"><div class=\"w-post-elm post_taxonomy usg_post_taxonomy_1 style_simple\"><a class=\"term-36 term-talleres\" href=\"https:\/\/www.xinxirineu.com\/es\/category\/talleres\/\">Talleres<\/a><\/div><time class=\"w-post-elm post_date usg_post_date_1 has_text_color entry-date published\" datetime=\"2022-11-02T12:01:35+01:00\" title=\"2 noviembre 2022 a las 12:01:35 Europe\/Madrid\">hace 4 a\u00f1os<\/time><\/div><h2 class=\"w-post-elm post_title usg_post_title_1 has_text_color entry-title color_link_inherit\"><a href=\"https:\/\/www.xinxirineu.com\/es\/02\/11\/2022\/programacion-talleres-mensuales-noviembre\/\">Programaci\u00f3n talleres mensuales Noviembre<\/a><\/h2><div class=\"w-post-elm post_content usg_post_content_1\">Empezamos el mes con la programaci\u00f3n de talleres mensuales de este Noviembre. \u00a1Las inscripciones estan abiertas!<\/div><\/div><div class=\"w-post-elm post_image usg_post_image_1 has_width has_ratio\"><a href=\"https:\/\/www.xinxirineu.com\/es\/02\/11\/2022\/programacion-talleres-mensuales-noviembre\/\" aria-label=\"Programaci\u00f3n talleres mensuales Noviembre\"><img loading=\"lazy\" decoding=\"async\" width=\"1024\" height=\"1024\" src=\"https:\/\/www.xinxirineu.com\/wp-content\/uploads\/2022\/11\/Novembre-22-tallers-mensuals-1024x1024.jpg\" class=\"attachment-large size-large wp-post-image\" alt=\"\" \/><\/a><div style=\"padding-bottom:100%\"><\/div><\/div><\/div>\t\t<\/div>\r\n\t\t\t<\/article>\r\n\t<article class=\"w-grid-item size_1x1 post-8768 post type-post status-publish format-standard has-post-thumbnail hentry category-bibliopetits-2\" data-id=\"8768\">\r\n\t\t<div class=\"w-grid-item-h\">\r\n\t\t\t\t\t\t<div class=\"w-hwrapper usg_hwrapper_1 align_none valign_top\"><div class=\"w-vwrapper usg_vwrapper_1 align_none valign_top\"><div class=\"w-hwrapper usg_hwrapper_2 align_none valign_top wrap\"><div class=\"w-post-elm post_taxonomy usg_post_taxonomy_1 style_simple\"><a class=\"term-39 term-bibliopetits-2\" href=\"https:\/\/www.xinxirineu.com\/es\/category\/bibliopetits-2\/\">Bibliopetits<\/a><\/div><time class=\"w-post-elm post_date usg_post_date_1 has_text_color entry-date published\" datetime=\"2022-10-21T10:25:52+02:00\" title=\"21 octubre 2022 a las 10:25:52 Europe\/Madrid\">hace 4 a\u00f1os<\/time><\/div><h2 class=\"w-post-elm post_title usg_post_title_1 has_text_color entry-title color_link_inherit\"><a href=\"https:\/\/www.xinxirineu.com\/es\/21\/10\/2022\/bibliopetits-santa-margalida-i-can-picafort-curs-2022-23\/\">Bibliopetits Santa Margalida y Can Picafort Curso 2022\/23<\/a><\/h2><div class=\"w-post-elm post_content usg_post_content_1\">Aqu\u00ed est\u00e1 la programaci\u00f3n de los Bibliopetits que se llevaran a cabo durante este curso 2022\/23 en las Bibliotecas de Santa Margalida y de&hellip;<\/div><\/div><div class=\"w-post-elm post_image usg_post_image_1 has_width has_ratio\"><a href=\"https:\/\/www.xinxirineu.com\/es\/21\/10\/2022\/bibliopetits-santa-margalida-i-can-picafort-curs-2022-23\/\" aria-label=\"Bibliopetits Santa Margalida y Can Picafort Curso 2022\/23\"><img loading=\"lazy\" decoding=\"async\" width=\"1024\" height=\"1024\" src=\"https:\/\/www.xinxirineu.com\/wp-content\/uploads\/2022\/10\/BIBLIOPETITS-CURS-2022-23-1024x1024.jpg\" class=\"attachment-large size-large wp-post-image\" alt=\"\" \/><\/a><div style=\"padding-bottom:100%\"><\/div><\/div><\/div>\t\t<\/div>\r\n\t\t\t<\/article>\r\n\t<article class=\"w-grid-item size_1x1 post-8765 post type-post status-publish format-standard has-post-thumbnail hentry category-talleres\" data-id=\"8765\">\r\n\t\t<div class=\"w-grid-item-h\">\r\n\t\t\t\t\t\t<div class=\"w-hwrapper usg_hwrapper_1 align_none valign_top\"><div class=\"w-vwrapper usg_vwrapper_1 align_none valign_top\"><div class=\"w-hwrapper usg_hwrapper_2 align_none valign_top wrap\"><div class=\"w-post-elm post_taxonomy usg_post_taxonomy_1 style_simple\"><a class=\"term-36 term-talleres\" href=\"https:\/\/www.xinxirineu.com\/es\/category\/talleres\/\">Talleres<\/a><\/div><time class=\"w-post-elm post_date usg_post_date_1 has_text_color entry-date published\" datetime=\"2022-10-20T10:18:23+02:00\" title=\"20 octubre 2022 a las 10:18:23 Europe\/Madrid\">hace 4 a\u00f1os<\/time><\/div><h2 class=\"w-post-elm post_title usg_post_title_1 has_text_color entry-title color_link_inherit\"><a href=\"https:\/\/www.xinxirineu.com\/es\/20\/10\/2022\/dissabte-de-conte-octubre\/\">\u00abDissabte de Conte\u00bb Octubre<\/a><\/h2><div class=\"w-post-elm post_content usg_post_content_1\">Esta semana tendremos el primer \u00abDissabte de Conte\u00bb en Xin-Xirineu Santa Margalida a las 10.30h. Para ni\u00f1os\/as de 2 a 10 a\u00f1os. Se necesita&hellip;<\/div><\/div><div class=\"w-post-elm post_image usg_post_image_1 has_width has_ratio\"><a href=\"https:\/\/www.xinxirineu.com\/es\/20\/10\/2022\/dissabte-de-conte-octubre\/\" aria-label=\"\u00abDissabte de Conte\u00bb Octubre\"><img loading=\"lazy\" decoding=\"async\" width=\"1024\" height=\"1024\" src=\"https:\/\/www.xinxirineu.com\/wp-content\/uploads\/2022\/10\/dissabte-de-conte-octubre-1024x1024.jpg\" class=\"attachment-large size-large wp-post-image\" alt=\"\" \/><\/a><div style=\"padding-bottom:100%\"><\/div><\/div><\/div>\t\t<\/div>\r\n\t\t\t<\/article>\r\n\t<article class=\"w-grid-item size_1x1 post-8758 post type-post status-publish format-standard has-post-thumbnail hentry category-talleres\" data-id=\"8758\">\r\n\t\t<div class=\"w-grid-item-h\">\r\n\t\t\t\t\t\t<div class=\"w-hwrapper usg_hwrapper_1 align_none valign_top\"><div class=\"w-vwrapper usg_vwrapper_1 align_none valign_top\"><div class=\"w-hwrapper usg_hwrapper_2 align_none valign_top wrap\"><div class=\"w-post-elm post_taxonomy usg_post_taxonomy_1 style_simple\"><a class=\"term-36 term-talleres\" href=\"https:\/\/www.xinxirineu.com\/es\/category\/talleres\/\">Talleres<\/a><\/div><time class=\"w-post-elm post_date usg_post_date_1 has_text_color entry-date published\" datetime=\"2022-10-14T11:17:16+02:00\" title=\"14 octubre 2022 a las 11:17:16 Europe\/Madrid\">hace 4 a\u00f1os<\/time><\/div><h2 class=\"w-post-elm post_title usg_post_title_1 has_text_color entry-title color_link_inherit\"><a href=\"https:\/\/www.xinxirineu.com\/es\/14\/10\/2022\/programacion-tallers-de-octubre\/\">Programaci\u00f3n tallers de Octubre<\/a><\/h2><div class=\"w-post-elm post_content usg_post_content_1\">Os presentamos la programaci\u00f3n de talleres mensuales para este mes de octubre. &nbsp;<\/div><\/div><div class=\"w-post-elm post_image usg_post_image_1 has_width has_ratio\"><a href=\"https:\/\/www.xinxirineu.com\/es\/14\/10\/2022\/programacion-tallers-de-octubre\/\" aria-label=\"Programaci\u00f3n tallers de Octubre\"><img loading=\"lazy\" decoding=\"async\" width=\"1024\" height=\"1024\" src=\"https:\/\/www.xinxirineu.com\/wp-content\/uploads\/2022\/10\/tallers-xinxirineu-octubre-1024x1024.jpg\" class=\"attachment-large size-large wp-post-image\" alt=\"Talleres octubre\" \/><\/a><div style=\"padding-bottom:100%\"><\/div><\/div><\/div>\t\t<\/div>\r\n\t\t\t<\/article>\r\n\t<article class=\"w-grid-item size_1x1 post-8672 post type-post status-publish format-standard has-post-thumbnail hentry category-talleres\" data-id=\"8672\">\r\n\t\t<div class=\"w-grid-item-h\">\r\n\t\t\t\t\t\t<div class=\"w-hwrapper usg_hwrapper_1 align_none valign_top\"><div class=\"w-vwrapper usg_vwrapper_1 align_none valign_top\"><div class=\"w-hwrapper usg_hwrapper_2 align_none valign_top wrap\"><div class=\"w-post-elm post_taxonomy usg_post_taxonomy_1 style_simple\"><a class=\"term-36 term-talleres\" href=\"https:\/\/www.xinxirineu.com\/es\/category\/talleres\/\">Talleres<\/a><\/div><time class=\"w-post-elm post_date usg_post_date_1 has_text_color entry-date published\" datetime=\"2022-09-30T14:08:41+02:00\" title=\"30 septiembre 2022 a las 14:08:41 Europe\/Madrid\">hace 4 a\u00f1os<\/time><\/div><h2 class=\"w-post-elm post_title usg_post_title_1 has_text_color entry-title color_link_inherit\"><a href=\"https:\/\/www.xinxirineu.com\/es\/30\/09\/2022\/multitalleres-pra-ninos-y-ninas-de-3-a-9-anos\/\">Multitalleres para ni\u00f1os y ni\u00f1as de 3 a 9 a\u00f1os<\/a><\/h2><div class=\"w-post-elm post_content usg_post_content_1\">Damos la bienvenida al oto\u00f1o anunciando una NOVEDAD para este curso. Os presentamos una nueva extraescolar que combinar\u00e1 diferentes tallas mensuales anteriores y alguna&hellip;<\/div><\/div><div class=\"w-post-elm post_image usg_post_image_1 has_width has_ratio\"><a href=\"https:\/\/www.xinxirineu.com\/es\/30\/09\/2022\/multitalleres-pra-ninos-y-ninas-de-3-a-9-anos\/\" aria-label=\"Multitalleres para ni\u00f1os y ni\u00f1as de 3 a 9 a\u00f1os\"><img loading=\"lazy\" decoding=\"async\" width=\"1024\" height=\"1024\" src=\"https:\/\/www.xinxirineu.com\/wp-content\/uploads\/2022\/09\/IMG-0668-1024x1024.jpg\" class=\"attachment-large size-large wp-post-image\" alt=\"\" \/><\/a><div style=\"padding-bottom:100%\"><\/div><\/div><\/div>\t\t<\/div>\r\n\t\t\t<\/article>\r\n\t<article class=\"w-grid-item size_1x1 post-8665 post type-post status-publish format-standard has-post-thumbnail hentry category-talleres\" data-id=\"8665\">\r\n\t\t<div class=\"w-grid-item-h\">\r\n\t\t\t\t\t\t<div class=\"w-hwrapper usg_hwrapper_1 align_none valign_top\"><div class=\"w-vwrapper usg_vwrapper_1 align_none valign_top\"><div class=\"w-hwrapper usg_hwrapper_2 align_none valign_top wrap\"><div class=\"w-post-elm post_taxonomy usg_post_taxonomy_1 style_simple\"><a class=\"term-36 term-talleres\" href=\"https:\/\/www.xinxirineu.com\/es\/category\/talleres\/\">Talleres<\/a><\/div><time class=\"w-post-elm post_date usg_post_date_1 has_text_color entry-date published\" datetime=\"2022-09-22T14:00:16+02:00\" title=\"22 septiembre 2022 a las 14:00:16 Europe\/Madrid\">hace 4 a\u00f1os<\/time><\/div><h2 class=\"w-post-elm post_title usg_post_title_1 has_text_color entry-title color_link_inherit\"><a href=\"https:\/\/www.xinxirineu.com\/es\/22\/09\/2022\/cantam-un-conte\/\">Canta&#8217;m un conte<\/a><\/h2><div class=\"w-post-elm post_content usg_post_content_1\">Hoy es el turno de CANTA&#8217;M UN CONTE! De Octubre a Junio, un viernes al mes en Xin-xirineu Can Picafort. Precio\u00a0 trimestral o anual.&hellip;<\/div><\/div><div class=\"w-post-elm post_image usg_post_image_1 has_width has_ratio\"><a href=\"https:\/\/www.xinxirineu.com\/es\/22\/09\/2022\/cantam-un-conte\/\" aria-label=\"Canta&#8217;m un conte\"><img loading=\"lazy\" decoding=\"async\" width=\"1024\" height=\"1024\" src=\"https:\/\/www.xinxirineu.com\/wp-content\/uploads\/2022\/09\/IMG-0669-1024x1024.jpg\" class=\"attachment-large size-large wp-post-image\" alt=\"\" \/><\/a><div style=\"padding-bottom:100%\"><\/div><\/div><\/div>\t\t<\/div>\r\n\t\t\t<\/article>\r\n<\/div>\t<div class=\"w-grid-preloader\">\r\n\t\t<div class=\"g-preloader type_1\">\r\n\t\t\t<div><\/div>\r\n\t\t<\/div>\r\n\t<\/div>\r\n\t\t<div class=\"w-grid-json hidden\" onclick='return {&quot;action&quot;:&quot;us_ajax_grid&quot;,&quot;infinite_scroll&quot;:0,&quot;max_num_pages&quot;:1,&quot;pagination&quot;:&quot;none&quot;,&quot;template_vars&quot;:{&quot;columns&quot;:&quot;2&quot;,&quot;exclude_items&quot;:&quot;none&quot;,&quot;img_size&quot;:&quot;default&quot;,&quot;ignore_items_size&quot;:0,&quot;items_layout&quot;:&quot;blog_8&quot;,&quot;items_offset&quot;:&quot;1&quot;,&quot;load_animation&quot;:&quot;none&quot;,&quot;overriding_link&quot;:&quot;{\\&quot;url\\&quot;:\\&quot;\\&quot;}&quot;,&quot;post_id&quot;:0,&quot;query_args&quot;:{&quot;post_type&quot;:[&quot;post&quot;],&quot;post_status&quot;:[&quot;publish&quot;],&quot;posts_per_page&quot;:&quot;10&quot;},&quot;orderby_query_args&quot;:{&quot;orderby&quot;:{&quot;date&quot;:&quot;DESC&quot;}},&quot;type&quot;:&quot;grid&quot;,&quot;us_grid_post_type&quot;:&quot;post&quot;,&quot;us_grid_ajax_index&quot;:1,&quot;us_grid_filter_query_string&quot;:null,&quot;us_grid_index&quot;:1,&quot;page_args&quot;:[],&quot;lang&quot;:&quot;es&quot;}}'><\/div>\r\n\t<\/div><\/div><\/div><\/div><\/div><\/section>\n","protected":false},"excerpt":{"rendered":"Hoy es el turno de CANTA'M UN CONTE! De Octubre a Junio, un viernes al mes en Xin-xirineu Can Picafort. Precio\u00a0 trimestral o anual. \u00bfQuien se apunta a disfrutar de las compa\u00f1eras de @cancionesparamatilda?","protected":false},"author":2,"featured_media":0,"parent":0,"menu_order":0,"comment_status":"closed","ping_status":"closed","template":"","meta":{"footnotes":""},"class_list":["post-8648","page","type-page","status-publish","hentry"],"_links":{"self":[{"href":"https:\/\/www.xinxirineu.com\/es\/wp-json\/wp\/v2\/pages\/8648","targetHints":{"allow":["GET"]}}],"collection":[{"href":"https:\/\/www.xinxirineu.com\/es\/wp-json\/wp\/v2\/pages"}],"about":[{"href":"https:\/\/www.xinxirineu.com\/es\/wp-json\/wp\/v2\/types\/page"}],"author":[{"embeddable":true,"href":"https:\/\/www.xinxirineu.com\/es\/wp-json\/wp\/v2\/users\/2"}],"replies":[{"embeddable":true,"href":"https:\/\/www.xinxirineu.com\/es\/wp-json\/wp\/v2\/comments?post=8648"}],"version-history":[{"count":3,"href":"https:\/\/www.xinxirineu.com\/es\/wp-json\/wp\/v2\/pages\/8648\/revisions"}],"predecessor-version":[{"id":8651,"href":"https:\/\/www.xinxirineu.com\/es\/wp-json\/wp\/v2\/pages\/8648\/revisions\/8651"}],"wp:attachment":[{"href":"https:\/\/www.xinxirineu.com\/es\/wp-json\/wp\/v2\/media?parent=8648"}],"curies":[{"name":"wp","href":"https:\/\/api.w.org\/{rel}","templated":true}]}}